{"id":9,"date":"2026-02-23T19:28:00","date_gmt":"2026-02-23T18:28:00","guid":{"rendered":"https:\/\/yesterday.media\/kab\/newsletter\/"},"modified":"2026-02-23T19:28:00","modified_gmt":"2026-02-23T18:28:00","slug":"newsletter","status":"publish","type":"page","link":"https:\/\/yesterday.media\/kab\/newsletter\/","title":{"rendered":"Newsletter"},"content":{"rendered":"<div class=\"newsletter-section\">\n        <div class=\"newsletter-plugin-form-wrapper newsletter-style-default\">\r\n            <form class=\"newsletter-plugin-form\" id=\"newsletter-plugin-form\" novalidate>\r\n\r\n                <!-- Champs cach\u00e9s techniques -->\r\n                <input type=\"hidden\" id=\"newsletter-captcha-token\" name=\"captcha_token\" value=\"WcYYEqAX86iMQSKodf0CiZj8d1Hz1Om0\">\r\n                <input type=\"hidden\" id=\"newsletter-form-token\"    name=\"form_token\"    value=\"npup450kYHAFUuqo\">\r\n\r\n                <!-- Champ honeypot (invisible pour les humains) -->\r\n                <div class=\"newsletter-honeypot\" aria-hidden=\"true\" style=\"position:absolute;left:-9999px;top:-9999px;opacity:0;height:0;overflow:hidden;\">\r\n                    <label for=\"newsletter-website\">Ne pas remplir ce champ<\/label>\r\n                    <input type=\"text\" id=\"newsletter-website\" name=\"website\" value=\"\" tabindex=\"-1\" autocomplete=\"off\">\r\n                <\/div>\r\n\r\n                <div class=\"newsletter-form-body\">\r\n\r\n                    <div class=\"newsletter-form-header\">\r\n                        <h3 class=\"newsletter-form-title\">\r\n                            Prijava na na\u0161 newsletter                        <\/h3>\r\n                        <p class=\"newsletter-form-subtitle\">\r\n                            Primajte vijesti, ponude i ekskluzivni sadr\u017eaj                        <\/p>\r\n                    <\/div>\r\n\r\n                    <!-- Type d'abonnement -->\r\n                    <div class=\"newsletter-form-group newsletter-subscription-type\">\r\n                        <label class=\"newsletter-radio-label\">\r\n                            <input type=\"radio\" name=\"subscription_type\" value=\"all\" checked>\r\n                            <span>Primaj sve informacije<\/span>\r\n                        <\/label>\r\n                        <label class=\"newsletter-radio-label\">\r\n                            <input type=\"radio\" name=\"subscription_type\" value=\"important\">\r\n                            <span>Primaj samo najva\u017enije informacije<\/span>\r\n                        <\/label>\r\n                    <\/div>\r\n\r\n                    <!-- Nom et Pr\u00e9nom -->\r\n                    <div class=\"newsletter-form-row\">\r\n                        <div class=\"newsletter-form-group newsletter-form-col-2\">\r\n                            <label for=\"newsletter-last-name\">Prezime *<\/label>\r\n                            <input type=\"text\" id=\"newsletter-last-name\" name=\"last_name\" required autocomplete=\"family-name\">\r\n                        <\/div>\r\n                        <div class=\"newsletter-form-group newsletter-form-col-2\">\r\n                            <label for=\"newsletter-first-name\">Ime *<\/label>\r\n                            <input type=\"text\" id=\"newsletter-first-name\" name=\"first_name\" required autocomplete=\"given-name\">\r\n                        <\/div>\r\n                    <\/div>\r\n\r\n                    <!-- Email -->\r\n                    <div class=\"newsletter-form-group\">\r\n                        <label for=\"newsletter-email\">E-mail adresa *<\/label>\r\n                        <input type=\"email\" id=\"newsletter-email\" name=\"email\" required autocomplete=\"email\">\r\n                    <\/div>\r\n\r\n                    <!-- Consentement RGPD -->\r\n                    <div class=\"newsletter-form-group newsletter-checkbox-group\">\r\n                        <label class=\"newsletter-checkbox-label\">\r\n                            <input type=\"checkbox\" name=\"consent\" value=\"1\" required>\r\n                            <span>Prihva\u0107am primanje newslettera e-po\u0161tom i prihva\u0107am uvjete kori\u0161tenja grupe HuViVe *<\/span>\r\n                        <\/label>\r\n                    <\/div>\r\n\r\n                    <!-- Alertes SMS (optionnel) -->\r\n                    <div class=\"newsletter-form-group newsletter-checkbox-group\">\r\n                        <label class=\"newsletter-checkbox-label\">\r\n                            <input type=\"checkbox\" name=\"sms_alerts\" value=\"1\" id=\"newsletter-sms-alerts\">\r\n                            <span>\u017delim primati obavijesti putem SMS-a<\/span>\r\n                        <\/label>\r\n                    <\/div>\r\n\r\n                    <!-- T\u00e9l\u00e9phone (conditionnel) -->\r\n                    <div class=\"newsletter-form-group newsletter-phone-group\" style=\"display:none;\">\r\n                        <label for=\"newsletter-phone\">Broj telefona (opcionalno)<\/label>\r\n                        <input type=\"tel\" id=\"newsletter-phone\" name=\"phone\" autocomplete=\"tel\">\r\n                    <\/div>\r\n\r\n                    <!-- CAPTCHA math\u00e9matique -->\r\n                    <div class=\"newsletter-form-group newsletter-captcha-group\">\r\n                        <label for=\"newsletter-captcha\">\r\n                            Molimo rije\u0161ite ovaj izra\u010dun:                            <strong id=\"newsletter-captcha-question\">5 + 9<\/strong> *\r\n                        <\/label>\r\n                        <div class=\"newsletter-captcha-input-wrapper\">\r\n                            <input type=\"number\" id=\"newsletter-captcha\" name=\"captcha_answer\" required min=\"-10\" max=\"20\">\r\n                            <button type=\"button\" class=\"newsletter-refresh-captcha\" title=\"Nouveau calcul\" aria-label=\"G\u00e9n\u00e9rer un nouveau calcul\">\r\n                                <svg width=\"16\" height=\"16\" viewBox=\"0 0 16 16\" fill=\"none\" aria-hidden=\"true\">\r\n                                    <path d=\"M13.65 2.35C12.2 0.9 10.21 0 8 0C3.58 0 0 3.58 0 8C0 12.42 3.58 16 8 16C11.73 16 14.84 13.45 15.73 10H13.65C12.83 12.33 10.61 14 8 14C4.69 14 2 11.31 2 8C2 4.69 4.69 2 8 2C9.66 2 11.14 2.69 12.22 3.78L9 7H16V0L13.65 2.35Z\" fill=\"currentColor\"\/>\r\n                                <\/svg>\r\n                            <\/button>\r\n                        <\/div>\r\n                    <\/div>\r\n\r\n                    <!-- Message d'erreur \/ succ\u00e8s -->\r\n                    <div class=\"newsletter-form-message\" role=\"alert\" aria-live=\"polite\" style=\"display:none;\"><\/div>\r\n\r\n                    <!-- Bouton de soumission -->\r\n                    <div class=\"newsletter-form-group\">\r\n                        <button type=\"submit\" class=\"newsletter-submit-btn\">\r\n                            <span class=\"newsletter-btn-text\">Prijavi me<\/span>\r\n                            <span class=\"newsletter-btn-loader\" style=\"display:none;\" aria-hidden=\"true\">\r\n                                <svg width=\"20\" height=\"20\" viewBox=\"0 0 20 20\">\r\n                                    <circle cx=\"10\" cy=\"10\" r=\"8\" stroke=\"currentColor\" stroke-width=\"2\" fill=\"none\" stroke-dasharray=\"50.265\" stroke-dashoffset=\"0\">\r\n                                        <animateTransform attributeName=\"transform\" type=\"rotate\" from=\"0 10 10\" to=\"360 10 10\" dur=\"1s\" repeatCount=\"indefinite\"\/>\r\n                                    <\/circle>\r\n                                <\/svg>\r\n                            <\/span>\r\n                        <\/button>\r\n                    <\/div>\r\n\r\n                    <!-- Texte de confidentialit\u00e9 RGPD -->\r\n                    <div class=\"newsletter-privacy-text\">\r\n                        <p>Va\u0161i podaci su za\u0161ti\u0107eni i ni u kojem slu\u010daju se ne preprodaju<\/p>\r\n                        <p>Mo\u017eete se odjaviti i izbrisati svoje podatke u bilo kojem trenutku<\/p>\r\n                    <\/div>\r\n\r\n                <\/div>\r\n            <\/form>\r\n        <\/div>\r\n        \n<\/div>\n","protected":false},"excerpt":{"rendered":"","protected":false},"author":1,"featured_media":0,"parent":0,"menu_order":0,"comment_status":"closed","ping_status":"closed","template":"","meta":{"footnotes":""},"class_list":["post-9","page","type-page","status-publish","hentry","entry"],"_links":{"self":[{"href":"https:\/\/yesterday.media\/kab\/wp-json\/wp\/v2\/pages\/9","targetHints":{"allow":["GET"]}}],"collection":[{"href":"https:\/\/yesterday.media\/kab\/wp-json\/wp\/v2\/pages"}],"about":[{"href":"https:\/\/yesterday.media\/kab\/wp-json\/wp\/v2\/types\/page"}],"author":[{"embeddable":true,"href":"https:\/\/yesterday.media\/kab\/wp-json\/wp\/v2\/users\/1"}],"replies":[{"embeddable":true,"href":"https:\/\/yesterday.media\/kab\/wp-json\/wp\/v2\/comments?post=9"}],"version-history":[{"count":0,"href":"https:\/\/yesterday.media\/kab\/wp-json\/wp\/v2\/pages\/9\/revisions"}],"wp:attachment":[{"href":"https:\/\/yesterday.media\/kab\/wp-json\/wp\/v2\/media?parent=9"}],"curies":[{"name":"wp","href":"https:\/\/api.w.org\/{rel}","templated":true}]}}